{"id":8618,"date":"2025-09-28T20:23:23","date_gmt":"2025-09-28T18:23:23","guid":{"rendered":"https:\/\/mavilleavelo08.fr\/wordpress\/?page_id=8618"},"modified":"2026-03-15T18:22:47","modified_gmt":"2026-03-15T17:22:47","slug":"programme-a-emporter","status":"publish","type":"page","link":"https:\/\/www.mavilleavelo08.fr\/?page_id=8618","title":{"rendered":"Agenda \u00e0 emporter"},"content":{"rendered":"\n<h1 class=\"wp-block-heading\">L&rsquo;agenda de l&rsquo;association \u00e0 emporter<\/h1>\n\n\n\n<p>Le chef vous propose 4 flux d&rsquo;agenda mijot\u00e9s, synchronis\u00e9s et actualis\u00e9s automatiquement chaque jour. Faites votre choix et composez votre menu \u00e0 emporter dans votre poche, directement dans l&rsquo;application agenda que vous utilisez sur votre t\u00e9l\u00e9phone ou tablette.<\/p>\n\n\n\n<div class=\"wp-block-group\"><div class=\"wp-block-group__inner-container is-layout-constrained wp-block-group-is-layout-constrained\">\n<h2 class=\"wp-block-heading\">Entr\u00e9e : jours d&rsquo;ouverture et de fermeture de l&rsquo;atelier<\/h2>\n<\/div><\/div>\n\n\n\n<div class=\"wp-block-buttons is-layout-flex wp-block-buttons-is-layout-flex\">\n<div class=\"wp-block-button is-style-outline is-style-outline--1\"><a class=\"wp-block-button__link wp-element-button\" href=\"https:\/\/calendar.google.com\/calendar\/render?cid=ebne9tu5t2nk4s6sq54encroj7oj3o2j@import.calendar.google.com\">S&rsquo;abonner sur Google Agenda<\/a><\/div>\n\n\n\n<div class=\"wp-block-button is-style-outline is-style-outline--2\"><a class=\"wp-block-button__link wp-element-button\" href=\"webcal:\/\/cloud.mavilleavelo08.fr\/remote.php\/dav\/public-calendars\/f5x8D2Ct4kX7F9xn?export\">S&rsquo;abonner sur Apple calendar<\/a><\/div>\n\n\n\n<div class=\"wp-block-button is-style-outline is-style-outline--3\"><a class=\"wp-block-button__link wp-element-button\" href=\"webcal:\/\/cloud.mavilleavelo08.fr\/remote.php\/dav\/public-calendars\/f5x8D2Ct4kX7F9xn?export\">S&rsquo;abonner sur une solution d&rsquo;agenda libre<\/a><\/div>\n<\/div>\n\n\n\n<hr class=\"wp-block-separator has-alpha-channel-opacity\"\/>\n\n\n\n<div class=\"wp-block-group\"><div class=\"wp-block-group__inner-container is-layout-constrained wp-block-group-is-layout-constrained\">\n<div class=\"wp-block-group\"><div class=\"wp-block-group__inner-container is-layout-constrained wp-block-group-is-layout-constrained\">\n<h2 class=\"wp-block-heading\">Plat : programme de la v\u00e9lo-\u00e9cole<\/h2>\n<\/div><\/div>\n\n\n\n<div class=\"wp-block-buttons is-layout-flex wp-block-buttons-is-layout-flex\">\n<div class=\"wp-block-button is-style-outline is-style-outline--4\"><a class=\"wp-block-button__link wp-element-button\" href=\"https:\/\/calendar.google.com\/calendar\/render?cid=tte3a5tcs98kfu40qpq4m1jl6uape34b@import.calendar.google.com\">S&rsquo;abonner sur Google Agenda<\/a><\/div>\n\n\n\n<div class=\"wp-block-button is-style-outline is-style-outline--5\"><a class=\"wp-block-button__link wp-element-button\" href=\"webcal:\/\/cloud.mavilleavelo08.fr\/remote.php\/dav\/public-calendars\/EJem3fF9sDsoPFqz?export\">S&rsquo;abonner sur Apple calendar<\/a><\/div>\n\n\n\n<div class=\"wp-block-button is-style-outline is-style-outline--6\"><a class=\"wp-block-button__link wp-element-button\" href=\"webcal:\/\/cloud.mavilleavelo08.fr\/remote.php\/dav\/public-calendars\/EJem3fF9sDsoPFqz?export\">S&rsquo;abonner sur une solution d&rsquo;agenda libre<\/a><\/div>\n<\/div>\n\n\n\n<hr class=\"wp-block-separator has-alpha-channel-opacity\"\/>\n\n\n\n<div class=\"wp-block-group\"><div class=\"wp-block-group__inner-container is-layout-constrained wp-block-group-is-layout-constrained\">\n<h2 class=\"wp-block-heading\">Boisson : programme des formations<\/h2>\n<\/div><\/div>\n\n\n\n<div class=\"wp-block-buttons is-layout-flex wp-block-buttons-is-layout-flex\">\n<div class=\"wp-block-button is-style-outline is-style-outline--7\"><a class=\"wp-block-button__link wp-element-button\" href=\"https:\/\/calendar.google.com\/calendar\/render?cid=ctfudga0q7f9cvdu7nnn0fkimu56me7g@import.calendar.google.com\">S&rsquo;abonner sur Google Agenda<\/a><\/div>\n\n\n\n<div class=\"wp-block-button is-style-outline is-style-outline--8\"><a class=\"wp-block-button__link wp-element-button\" href=\"webcal:\/\/cloud.mavilleavelo08.fr\/remote.php\/dav\/public-calendars\/ZFRJxwa4HsGyJk6E?export\">S&rsquo;abonner sur Apple calendar<\/a><\/div>\n\n\n\n<div class=\"wp-block-button is-style-outline is-style-outline--9\"><a class=\"wp-block-button__link wp-element-button\" href=\"webcal:\/\/cloud.mavilleavelo08.fr\/remote.php\/dav\/public-calendars\/ZFRJxwa4HsGyJk6E?export\">S&rsquo;abonner sur une solution d&rsquo;agenda libre<\/a><\/div>\n<\/div>\n\n\n\n<hr class=\"wp-block-separator has-alpha-channel-opacity\"\/>\n<\/div><\/div>\n\n\n\n<div class=\"wp-block-group\"><div class=\"wp-block-group__inner-container is-layout-constrained wp-block-group-is-layout-constrained\">\n<h2 class=\"wp-block-heading\">Dessert : programme des autres activit\u00e9s et \u00e9v\u00e8nements de l&rsquo;asso<\/h2>\n<\/div><\/div>\n\n\n\n<div class=\"wp-block-buttons is-layout-flex wp-block-buttons-is-layout-flex\">\n<div class=\"wp-block-button is-style-outline is-style-outline--10\"><a class=\"wp-block-button__link wp-element-button\" href=\"https:\/\/calendar.google.com\/calendar\/render?cid=2vitl6h93hankgblciab2ue6tcvdmel9@import.calendar.google.com\">S&rsquo;abonner sur Google Agenda<\/a><\/div>\n\n\n\n<div class=\"wp-block-button is-style-outline is-style-outline--11\"><a class=\"wp-block-button__link wp-element-button\" href=\"webcal:\/\/cloud.mavilleavelo08.fr\/remote.php\/dav\/public-calendars\/ccHncfaKcptoLL4J?export\">S&rsquo;abonner sur Apple calendar<\/a><\/div>\n\n\n\n<div class=\"wp-block-button is-style-outline is-style-outline--12\"><a class=\"wp-block-button__link wp-element-button\" href=\"webcal:\/\/cloud.mavilleavelo08.fr\/remote.php\/dav\/public-calendars\/ccHncfaKcptoLL4J?export\">S&rsquo;abonner sur une solution d&rsquo;agenda libre<\/a><\/div>\n<\/div>\n\n\n\n<hr class=\"wp-block-separator has-alpha-channel-opacity\"\/>\n\n\n\n<p><\/p>\n","protected":false},"excerpt":{"rendered":"<p>L&rsquo;agenda de l&rsquo;association \u00e0 emporter Le chef vous propose 4 flux d&rsquo;agenda mijot\u00e9s, synchronis\u00e9s et actualis\u00e9s automatiquement chaque jour. Faites votre choix et composez votre menu \u00e0 emporter dans votre poche, directement dans l&rsquo;application agenda que vous utilisez sur votre t\u00e9l\u00e9phone ou tablette. Entr\u00e9e : jours d&rsquo;ouverture et de fermeture de l&rsquo;atelier Plat : programme [&hellip;]<\/p>\n","protected":false},"author":21,"featured_media":0,"parent":0,"menu_order":0,"comment_status":"closed","ping_status":"closed","template":"","meta":{"footnotes":""},"class_list":["post-8618","page","type-page","status-publish","hentry","entry"],"_links":{"self":[{"href":"https:\/\/www.mavilleavelo08.fr\/index.php?rest_route=\/wp\/v2\/pages\/8618","targetHints":{"allow":["GET"]}}],"collection":[{"href":"https:\/\/www.mavilleavelo08.fr\/index.php?rest_route=\/wp\/v2\/pages"}],"about":[{"href":"https:\/\/www.mavilleavelo08.fr\/index.php?rest_route=\/wp\/v2\/types\/page"}],"author":[{"embeddable":true,"href":"https:\/\/www.mavilleavelo08.fr\/index.php?rest_route=\/wp\/v2\/users\/21"}],"replies":[{"embeddable":true,"href":"https:\/\/www.mavilleavelo08.fr\/index.php?rest_route=%2Fwp%2Fv2%2Fcomments&post=8618"}],"version-history":[{"count":20,"href":"https:\/\/www.mavilleavelo08.fr\/index.php?rest_route=\/wp\/v2\/pages\/8618\/revisions"}],"predecessor-version":[{"id":8782,"href":"https:\/\/www.mavilleavelo08.fr\/index.php?rest_route=\/wp\/v2\/pages\/8618\/revisions\/8782"}],"wp:attachment":[{"href":"https:\/\/www.mavilleavelo08.fr\/index.php?rest_route=%2Fwp%2Fv2%2Fmedia&parent=8618"}],"curies":[{"name":"wp","href":"https:\/\/api.w.org\/{rel}","templated":true}]}}