{"id":5099,"date":"2022-02-07T00:05:09","date_gmt":"2022-02-06T23:05:09","guid":{"rendered":"https:\/\/mavilleavelo08.fr\/wordpress\/?page_id=5099"},"modified":"2026-03-15T18:20:47","modified_gmt":"2026-03-15T17:20:47","slug":"adherez-a-notre-association","status":"publish","type":"page","link":"https:\/\/www.mavilleavelo08.fr\/?page_id=5099","title":{"rendered":"Adh\u00e9rer"},"content":{"rendered":"\n<h1 class=\"wp-block-heading\">Adh\u00e9rez, r\u00e9-adh\u00e9rez et aidez-nous \u00e0 faire ce qui vous pla\u00eet !<\/h1>\n\n\n\n<div class=\"wp-block-group is-vertical is-layout-flex wp-container-core-group-is-layout-8cf370e7 wp-block-group-is-layout-flex\">\n<p><span style=\"font-family:'Arial';font-size:11pt;color:#000000;mso-style-textfill-fill-color:#000000\">Plusieurs options s\u2019offrent \u00e0 vous pour renouveler votre adh\u00e9sion ou rejoindre nos adh\u00e9rents. Vous b\u00e9n\u00e9ficierez d\u2019un acc\u00e8s d\u2019un an \u00e0 notre atelier participatif et solidaire, soutiendrez nos actions et en serez tenus inform\u00e9s.<\/span><\/p>\n\n\n\n<p><span style=\"font-family:'Arial';font-size:11pt;color:#000000;mso-style-textfill-fill-color:#000000\">Votre cotisation (et vos dons) nous permettent de financer des projets pour promouvoir l\u2019usage du v\u00e9lo au quotidien et en s\u00e9curit\u00e9 dans les Ardennes, le tout sans aucun but lucratif. Nos actions ne seraient pas possibles sans votre soutien, alors un grand merci !<\/span>&nbsp;<\/p>\n<\/div>\n\n\n\n<hr class=\"wp-block-separator has-alpha-channel-opacity is-style-dots\"\/>\n\n\n\n<h2 class=\"wp-block-heading\">Adh\u00e9rer en ligne avec HelloAsso<\/h2>\n\n\n\n<p><a href=\"https:\/\/www.helloasso.com\/associations\/association-ma-ville-a-velo-08\/adhesions\/adherer-a-l-association\/\" data-type=\"link\" data-id=\"https:\/\/www.helloasso.com\/associations\/association-ma-ville-a-velo-08\/adhesions\/adherer-a-l-association\/\">R\u00e9glez votre cotisation en ligne<\/a> et par carte bancaire. Z\u00e9ro paperasse pour vous comme pour nous. HelloAsso.com est un site fran\u00e7ais de paiement sur Internet exclusivement consacr\u00e9 au secteur associatif. Aucune commission n\u2019est pr\u00e9lev\u00e9e sur les fonds r\u00e9colt\u00e9s. Chaque euro collect\u00e9 est int\u00e9gralement revers\u00e9 \u00e0 l&rsquo;association.<br><\/p>\n\n\n\n<figure class=\"wp-block-image size-full\"><a href=\"https:\/\/www.helloasso.com\/associations\/association-ma-ville-a-velo-08\/adhesions\/adherer-a-l-association\/\" target=\"_blank\" rel=\"noreferrer noopener\"><img loading=\"lazy\" decoding=\"async\" width=\"220\" height=\"48\" src=\"https:\/\/www.mavilleavelo08.fr\/wp-content\/uploads\/2021\/02\/helloasso-logo.png\" alt=\"\" class=\"wp-image-3987\"\/><\/a><\/figure>\n\n\n\n<hr class=\"wp-block-separator has-alpha-channel-opacity is-style-dots\"\/>\n\n\n\n<h2 class=\"wp-block-heading\">Adh\u00e9rer avec notre bulletin papier<\/h2>\n\n\n\n<p>R\u00e9glez votre cotisation par ch\u00e8que ou en esp\u00e8ces. Pour cela, venez nous rendre visite \u00e0 la maison du v\u00e9lo, pendant nos heures d\u2019ouverture, afin de vous inscrire et \u00e9ventuellement boire un petit caf\u00e9 ou un th\u00e9 bien install\u00e9s dans nos banquettes.&nbsp;<\/p>\n\n\n\n<p>Vous pouvez \u00e9galement t\u00e9l\u00e9charger le bulletin ci-dessous, l\u2019imprimer, le remplir puis nous l\u2019envoyer par courrier postal avec le r\u00e8glement par ch\u00e8que \u00e0 l\u2019ordre de \u201cAssociation Ma Ville \u00e0 V\u00e9lo 08\u201d :<\/p>\n\n\n\n<div data-wp-interactive=\"core\/file\" class=\"wp-block-file\"><object data-wp-bind--hidden=\"!state.hasPdfPreview\" hidden class=\"wp-block-file__embed\" data=\"https:\/\/mavilleavelo08.fr\/wordpress\/wp-content\/uploads\/2025\/09\/Bulletin_adhesion_mvav08.pdf\" type=\"application\/pdf\" style=\"width:100%;height:600px\" aria-label=\"Contenu embarqu\u00e9 Bulletin_adh\u00e9sion_mvav08.\"><\/object><a id=\"wp-block-file--media-4e22b0ea-383e-45a7-afe8-26a183fac3d9\" href=\"https:\/\/mavilleavelo08.fr\/wordpress\/wp-content\/uploads\/2025\/09\/Bulletin_adhesion_mvav08.pdf\">Bulletin_adh\u00e9sion_mvav08<\/a><a href=\"https:\/\/mavilleavelo08.fr\/wordpress\/wp-content\/uploads\/2025\/09\/Bulletin_adhesion_mvav08.pdf\" class=\"wp-block-file__button wp-element-button\" download aria-describedby=\"wp-block-file--media-4e22b0ea-383e-45a7-afe8-26a183fac3d9\">T\u00e9l\u00e9charger<\/a><\/div>\n\n\n\n<p>Vous \u00eates une personne morale (entreprise, association&#8230;) ? Nous avons le bulletin d&rsquo;adh\u00e9sion qu&rsquo;il vous faut ! Il est disponible \u00e0 l&rsquo;atelier.<\/p>\n\n\n\n<div class=\"wp-block-group\"><div class=\"wp-block-group__inner-container is-layout-constrained wp-block-group-is-layout-constrained\">\n<p>Votre courrier est \u00e0 adresser \u00e0 :&nbsp;<\/p>\n\n\n\n<p>Association Ma Ville \u00e0 V\u00e9lo 08<\/p>\n\n\n\n<p>1, Promenade de Dulmen<\/p>\n\n\n\n<p>08000 Charleville-M\u00e9zi\u00e8res<\/p>\n<\/div><\/div>\n","protected":false},"excerpt":{"rendered":"<p>Adh\u00e9rez, r\u00e9-adh\u00e9rez et aidez-nous \u00e0 faire ce qui vous pla\u00eet ! Plusieurs options s\u2019offrent \u00e0 vous pour renouveler votre adh\u00e9sion ou rejoindre nos adh\u00e9rents. Vous b\u00e9n\u00e9ficierez d\u2019un acc\u00e8s d\u2019un an \u00e0 notre atelier participatif et solidaire, soutiendrez nos actions et en serez tenus inform\u00e9s. Votre cotisation (et vos dons) nous permettent de financer des projets [&hellip;]<\/p>\n","protected":false},"author":22,"featured_media":0,"parent":0,"menu_order":0,"comment_status":"closed","ping_status":"closed","template":"","meta":{"footnotes":""},"class_list":["post-5099","page","type-page","status-publish","hentry","entry"],"_links":{"self":[{"href":"https:\/\/www.mavilleavelo08.fr\/index.php?rest_route=\/wp\/v2\/pages\/5099","targetHints":{"allow":["GET"]}}],"collection":[{"href":"https:\/\/www.mavilleavelo08.fr\/index.php?rest_route=\/wp\/v2\/pages"}],"about":[{"href":"https:\/\/www.mavilleavelo08.fr\/index.php?rest_route=\/wp\/v2\/types\/page"}],"author":[{"embeddable":true,"href":"https:\/\/www.mavilleavelo08.fr\/index.php?rest_route=\/wp\/v2\/users\/22"}],"replies":[{"embeddable":true,"href":"https:\/\/www.mavilleavelo08.fr\/index.php?rest_route=%2Fwp%2Fv2%2Fcomments&post=5099"}],"version-history":[{"count":15,"href":"https:\/\/www.mavilleavelo08.fr\/index.php?rest_route=\/wp\/v2\/pages\/5099\/revisions"}],"predecessor-version":[{"id":8781,"href":"https:\/\/www.mavilleavelo08.fr\/index.php?rest_route=\/wp\/v2\/pages\/5099\/revisions\/8781"}],"wp:attachment":[{"href":"https:\/\/www.mavilleavelo08.fr\/index.php?rest_route=%2Fwp%2Fv2%2Fmedia&parent=5099"}],"curies":[{"name":"wp","href":"https:\/\/api.w.org\/{rel}","templated":true}]}}