{"id":4944,"date":"2024-09-22T13:30:10","date_gmt":"2024-09-22T11:30:10","guid":{"rendered":"https:\/\/mavilleavelo08.fr\/wordpress\/?page_id=4944"},"modified":"2025-10-25T22:21:56","modified_gmt":"2025-10-25T20:21:56","slug":"vente-de-velos-doccasion","status":"publish","type":"page","link":"https:\/\/www.mavilleavelo08.fr\/?page_id=4944","title":{"rendered":"Acheter un v\u00e9lo d&rsquo;occasion"},"content":{"rendered":"\n<h1 class=\"wp-block-heading has-text-align-left\">Acheter un v\u00e9lo d&rsquo;occasion<\/h1>\n\n\n\n<p>Vous pouvez acheter un v\u00e9lo d\u2019occasion <strong>remis en \u00e9tat<\/strong> sur les <strong>horaires d\u2019accueil et <\/strong>sur les <strong>horaires des ateliers d\u2019autor\u00e9paration. <\/strong><\/p>\n\n\n\n<p><strong>Les v\u00e9los d\u2019occasion \u00e0 vendre ne sont pas garantis<\/strong>. Cependant, en tant qu\u2019adh\u00e9rent, vous pourrez profiter des <strong>ateliers d\u2019autor\u00e9paration<\/strong>. Vous y serez accueillis par des b\u00e9n\u00e9voles qui sauront vous conseiller dans l\u2019entretien ou la r\u00e9paration de votre v\u00e9lo.<\/p>\n\n\n<div class=\"wp-block-image\">\n<figure class=\"aligncenter size-full\"><a href=\"https:\/\/www.leboncoin.fr\/profile\/04e472d5-dcf9-4817-bb2f-e79310729fec\/offers\" target=\"_blank\" rel=\" noreferrer noopener\"><img loading=\"lazy\" decoding=\"async\" width=\"722\" height=\"337\" src=\"https:\/\/mavilleavelo08.fr\/wordpress\/wp-content\/uploads\/2024\/12\/image-1.png\" alt=\"\" class=\"wp-image-8258\" srcset=\"https:\/\/www.mavilleavelo08.fr\/wp-content\/uploads\/2024\/12\/image-1.png 722w, https:\/\/www.mavilleavelo08.fr\/wp-content\/uploads\/2024\/12\/image-1-300x140.png 300w\" sizes=\"auto, (max-width: 722px) 100vw, 722px\" \/><\/a><\/figure><\/div>\n\n\n<!--more-->\n\n\n\n<p>La taille des cadres est prise de l\u2019axe de p\u00e9dalier au haut du tube de selle.<\/p>\n\n\n\n<p><\/p>\n","protected":false},"excerpt":{"rendered":"<p>Acheter un v\u00e9lo d&rsquo;occasion Vous pouvez acheter un v\u00e9lo d\u2019occasion remis en \u00e9tat sur les horaires d\u2019accueil et sur les horaires des ateliers d\u2019autor\u00e9paration. Les v\u00e9los d\u2019occasion \u00e0 vendre ne sont pas garantis. Cependant, en tant qu\u2019adh\u00e9rent, vous pourrez profiter des ateliers d\u2019autor\u00e9paration. Vous y serez accueillis par des b\u00e9n\u00e9voles qui sauront vous conseiller dans [&hellip;]<\/p>\n","protected":false},"author":2,"featured_media":0,"parent":0,"menu_order":0,"comment_status":"closed","ping_status":"closed","template":"","meta":{"footnotes":""},"class_list":["post-4944","page","type-page","status-publish","hentry","entry"],"_links":{"self":[{"href":"https:\/\/www.mavilleavelo08.fr\/index.php?rest_route=\/wp\/v2\/pages\/4944","targetHints":{"allow":["GET"]}}],"collection":[{"href":"https:\/\/www.mavilleavelo08.fr\/index.php?rest_route=\/wp\/v2\/pages"}],"about":[{"href":"https:\/\/www.mavilleavelo08.fr\/index.php?rest_route=\/wp\/v2\/types\/page"}],"author":[{"embeddable":true,"href":"https:\/\/www.mavilleavelo08.fr\/index.php?rest_route=\/wp\/v2\/users\/2"}],"replies":[{"embeddable":true,"href":"https:\/\/www.mavilleavelo08.fr\/index.php?rest_route=%2Fwp%2Fv2%2Fcomments&post=4944"}],"version-history":[{"count":4,"href":"https:\/\/www.mavilleavelo08.fr\/index.php?rest_route=\/wp\/v2\/pages\/4944\/revisions"}],"predecessor-version":[{"id":8686,"href":"https:\/\/www.mavilleavelo08.fr\/index.php?rest_route=\/wp\/v2\/pages\/4944\/revisions\/8686"}],"wp:attachment":[{"href":"https:\/\/www.mavilleavelo08.fr\/index.php?rest_route=%2Fwp%2Fv2%2Fmedia&parent=4944"}],"curies":[{"name":"wp","href":"https:\/\/api.w.org\/{rel}","templated":true}]}}